{"id":1057,"date":"2023-12-07T12:06:00","date_gmt":"2023-12-07T12:06:00","guid":{"rendered":"https:\/\/explainervideos.hu\/?page_id=1057"},"modified":"2023-12-15T14:31:37","modified_gmt":"2023-12-15T14:31:37","slug":"we-would-like-to-make-you-a-christmas-video","status":"publish","type":"page","link":"https:\/\/explainervideos.hu\/en\/we-would-like-to-make-you-a-christmas-video\/","title":{"rendered":"We would like to make you a Christmas video!"},"content":{"rendered":"<div class=\"frm_forms  with_frm_style frm_style_formidable-style\" id=\"frm_form_10_container\" data-token=\"cd37feb94ea4947b51e80510cbc1bd0a\">\n<form enctype=\"multipart\/form-data\" method=\"post\" class=\"frm-show-form \" id=\"form_christmasform\" data-token=\"cd37feb94ea4947b51e80510cbc1bd0a\">\n<div class=\"frm_form_fields \">\n<fieldset>\n<legend class=\"frm_screen_reader\">Christmas Form<\/legend>\r\n\r\n<div class=\"frm_fields_container\">\n<input type=\"hidden\" name=\"frm_action\" value=\"create\" \/>\n<input type=\"hidden\" name=\"form_id\" value=\"10\" \/>\n<input type=\"hidden\" name=\"frm_hide_fields_10\" id=\"frm_hide_fields_10\" value=\"\" \/>\n<input type=\"hidden\" name=\"form_key\" value=\"christmasform\" \/>\n<input type=\"hidden\" name=\"item_meta[0]\" value=\"\" \/>\n<input type=\"hidden\" id=\"frm_submit_entry_10\" name=\"frm_submit_entry_10\" value=\"141ea59b1e\" \/><input type=\"hidden\" name=\"_wp_http_referer\" value=\"\/en\/wp-json\/wp\/v2\/pages\/1057\" \/><div id=\"frm_field_36_container\" class=\"frm_form_field form-field  frm_top_container\">\r\n    <div  id=\"field_ypujs_label\" class=\"frm_primary_label\">N\u00e9v\r\n        <span class=\"frm_required\" aria-hidden=\"true\"><\/span>\r\n    <\/div>\r\n    <fieldset aria-labelledby=\"field_ypujs_label\">\n\t<legend class=\"frm_screen_reader frm_hidden\">\n\t\tN\u00e9v\t<\/legend>\n\n\t<div  class=\"frm_combo_inputs_container\" id=\"frm_combo_inputs_container_36\" data-name-layout=\"first_last\">\n\t\t\t\t\t<div\n\t\t\t\tid=\"frm_field_36-first_container\"\n\t\t\t\tclass=\"frm_form_field form-field frm_form_subfield-first  frm6\"\n\t\t\t\tdata-sub-field-name=\"first\"\n\t\t\t>\n\t\t\t\t<label for=\"field_ypujs_first\" class=\"frm_screen_reader frm_hidden\">\n\t\t\t\t\tKeresztn\u00e9v\t\t\t\t<\/label>\n\n\t\t\t\t<input  type=\"text\" id=\"field_ypujs_first\" value=\"\" name=\"item_meta[36][first]\" autocomplete=\"given-name\" data-invmsg=\"N\u00e9v is invalid\" aria-invalid=\"false\"  \/><div class=\"frm_description\" id=\"frm_field_36_first_desc\">Keresztn\u00e9v<\/div>\t\t\t<\/div>\n\t\t\t\t\t\t<div\n\t\t\t\tid=\"frm_field_36-last_container\"\n\t\t\t\tclass=\"frm_form_field form-field frm_form_subfield-last  frm6\"\n\t\t\t\tdata-sub-field-name=\"last\"\n\t\t\t>\n\t\t\t\t<label for=\"field_ypujs_last\" class=\"frm_screen_reader frm_hidden\">\n\t\t\t\t\tVezet\u00e9kn\u00e9v\t\t\t\t<\/label>\n\n\t\t\t\t<input  type=\"text\" id=\"field_ypujs_last\" value=\"\" name=\"item_meta[36][last]\" autocomplete=\"family-name\" data-invmsg=\"N\u00e9v is invalid\" aria-invalid=\"false\"  \/><div class=\"frm_description\" id=\"frm_field_36_last_desc\">Vezet\u00e9kn\u00e9v<\/div>\t\t\t<\/div>\n\t\t\t\t<\/div>\n<\/fieldset>\n\r\n    \r\n    \r\n<\/div>\n<div id=\"frm_field_38_container\" class=\"frm_form_field form-field  frm_top_container\">\r\n    <label for=\"field_njz7t\" id=\"field_njz7t_label\" class=\"frm_primary_label\">E-Mail:\r\n        <span class=\"frm_required\" aria-hidden=\"true\"><\/span>\r\n    <\/label>\r\n    <input type=\"email\" id=\"field_njz7t\" name=\"item_meta[38]\" value=\"\"  data-invmsg=\"Email c\u00edmed is invalid\" aria-invalid=\"false\"  \/>\r\n    \r\n    \r\n<\/div>\n<div id=\"frm_field_39_container\" class=\"frm_form_field form-field  frm_top_container\">\r\n    <label for=\"field_96ugs\" id=\"field_96ugs_label\" class=\"frm_primary_label\">A v\u00e1lasztott vide\u00f3k \u00e9s a sz\u00f6veg ami a vide\u00f3ra ker\u00fclj\u00f6n.\r\n        <span class=\"frm_required\" aria-hidden=\"true\"><\/span>\r\n    <\/label>\r\n    <input type=\"text\" id=\"field_96ugs\" name=\"item_meta[39]\" value=\"\"  data-invmsg=\"Text is invalid\" aria-invalid=\"false\"  \/>\r\n    \r\n    \r\n<\/div>\n<div id=\"frm_field_37_container\" class=\"frm_form_field form-field  frm_top_container\">\r\n    <label for=\"field_tjz0f\" id=\"field_tjz0f_label\" class=\"frm_primary_label\">Csomag\r\n        <span class=\"frm_required\" aria-hidden=\"true\"><\/span>\r\n    <\/label>\r\n    \t\t<select name=\"item_meta[37]\" id=\"field_tjz0f\"  data-frmval=\"Option 1\" data-invmsg=\"Csomag is invalid\" aria-invalid=\"false\"  >\n\t\t<option  value=\"Kezd\u0151 (3990HUF)\">Kezd\u0151 (3990HUF)<\/option><option  value=\"Igazi Kar\u00e1csonyi (5990HUF)\">Igazi Kar\u00e1csonyi (5990HUF)<\/option><option  value=\"Egyedi\">Egyedi<\/option>\t<\/select>\n\t\r\n    \r\n    \r\n<\/div>\n\t<input type=\"hidden\" name=\"item_key\" value=\"\" \/>\n\t\t\t<div id=\"frm_field_40_container\">\n\t\t\t<label for=\"field_2wn4p\" >\n\t\t\t\tIf you are human, leave this field blank.\t\t\t<\/label>\n\t\t\t<input  id=\"field_2wn4p\" type=\"text\" class=\"frm_form_field form-field frm_verify\" name=\"item_meta[40]\" value=\"\"  \/>\n\t\t<\/div>\n\t\t<input name=\"frm_state\" type=\"hidden\" value=\"9wb9l4yycpCljz8FrzYY6kTeWkO35m1wid16iocc\/WI=\" \/><div class=\"frm_submit\">\r\n\r\n<button class=\"frm_button_submit\" type=\"submit\"  >K\u00fcld\u00e9s<\/button>\r\n\r\n\r\n<\/div><\/div>\n<\/fieldset>\n<\/div>\n\n<\/form>\n<\/div>\n\n\n\n<div class=\"wp-block-columns is-layout-flex wp-container-core-columns-is-layout-9d6595d7 wp-block-columns-is-layout-flex\">\n<div class=\"wp-block-column is-layout-flow wp-block-column-is-layout-flow\"><\/div>\n\n\n\n<div class=\"wp-block-column is-layout-flow wp-block-column-is-layout-flow\">\n<p class=\"has-text-align-center\">Itt m\u00e9g nem kell fizetned. Felvessz\u00fck veled a kapcsolatot e-mailben.<\/p>\n<\/div>\n\n\n\n<div class=\"wp-block-column is-layout-flow wp-block-column-is-layout-flow\"><\/div>\n<\/div>\n\n\n\n<figure class=\"wp-block-image size-large is-resized\"><img loading=\"lazy\" decoding=\"async\" width=\"1024\" height=\"149\" src=\"https:\/\/explainervideos.hu\/wp-content\/uploads\/2023\/12\/Explainervideo-coverArtboard-1-1024x149.png\" alt=\"\" class=\"wp-image-1045\" style=\"width:1204px;height:auto\" srcset=\"https:\/\/explainervideos.hu\/wp-content\/uploads\/2023\/12\/Explainervideo-coverArtboard-1-1024x149.png 1024w, https:\/\/explainervideos.hu\/wp-content\/uploads\/2023\/12\/Explainervideo-coverArtboard-1-300x44.png 300w, https:\/\/explainervideos.hu\/wp-content\/uploads\/2023\/12\/Explainervideo-coverArtboard-1-768x112.png 768w, https:\/\/explainervideos.hu\/wp-content\/uploads\/2023\/12\/Explainervideo-coverArtboard-1-1536x224.png 1536w, https:\/\/explainervideos.hu\/wp-content\/uploads\/2023\/12\/Explainervideo-coverArtboard-1-18x3.png 18w, https:\/\/explainervideos.hu\/wp-content\/uploads\/2023\/12\/Explainervideo-coverArtboard-1.png 1920w\" sizes=\"auto, (max-width: 1024px) 100vw, 1024px\" \/><\/figure>\n\n\n\n<p class=\"has-text-align-center\"><strong><em>Boldog Kar\u00e1csony!<\/em><\/strong><\/p>\n","protected":false},"excerpt":{"rendered":"<p>Itt m\u00e9g nem kell fizetned. Felvessz\u00fck veled a kapcsolatot e-mailben. Boldog Kar\u00e1csony!<\/p>","protected":false},"author":1,"featured_media":0,"parent":0,"menu_order":0,"comment_status":"closed","ping_status":"closed","template":"","meta":{"om_disable_all_campaigns":false,"_monsterinsights_skip_tracking":false,"_monsterinsights_sitenote_active":false,"_monsterinsights_sitenote_note":"","_monsterinsights_sitenote_category":0,"_uf_show_specific_survey":0,"_uf_disable_surveys":false,"neve_meta_sidebar":"","neve_meta_container":"","neve_meta_enable_content_width":"","neve_meta_content_width":0,"neve_meta_title_alignment":"","neve_meta_author_avatar":"","neve_post_elements_order":"","neve_meta_disable_header":"","neve_meta_disable_footer":"","neve_meta_disable_title":"","_themeisle_gutenberg_block_has_review":false,"footnotes":""},"class_list":["post-1057","page","type-page","status-publish","hentry"],"aioseo_notices":[],"_links":{"self":[{"href":"https:\/\/explainervideos.hu\/en\/wp-json\/wp\/v2\/pages\/1057","targetHints":{"allow":["GET"]}}],"collection":[{"href":"https:\/\/explainervideos.hu\/en\/wp-json\/wp\/v2\/pages"}],"about":[{"href":"https:\/\/explainervideos.hu\/en\/wp-json\/wp\/v2\/types\/page"}],"author":[{"embeddable":true,"href":"https:\/\/explainervideos.hu\/en\/wp-json\/wp\/v2\/users\/1"}],"replies":[{"embeddable":true,"href":"https:\/\/explainervideos.hu\/en\/wp-json\/wp\/v2\/comments?post=1057"}],"version-history":[{"count":3,"href":"https:\/\/explainervideos.hu\/en\/wp-json\/wp\/v2\/pages\/1057\/revisions"}],"predecessor-version":[{"id":1162,"href":"https:\/\/explainervideos.hu\/en\/wp-json\/wp\/v2\/pages\/1057\/revisions\/1162"}],"wp:attachment":[{"href":"https:\/\/explainervideos.hu\/en\/wp-json\/wp\/v2\/media?parent=1057"}],"curies":[{"name":"wp","href":"https:\/\/api.w.org\/{rel}","templated":true}]}}