{"id":1080,"date":"2023-12-11T22:21:41","date_gmt":"2023-12-11T22:21:41","guid":{"rendered":"https:\/\/explainervideos.hu\/?page_id=1080"},"modified":"2023-12-12T09:18:20","modified_gmt":"2023-12-12T09:18:20","slug":"ceges-logo-tervezes","status":"publish","type":"page","link":"https:\/\/explainervideos.hu\/en\/ceges-logo-tervezes\/","title":{"rendered":"C\u00e9ges Log\u00f3 Tervez\u00e9s"},"content":{"rendered":"<div class=\"wp-block-cover alignfull is-light\" style=\"min-height:462px;aspect-ratio:unset;\"><span aria-hidden=\"true\" class=\"wp-block-cover__background has-background-dim-30 has-background-dim\"><\/span><img loading=\"lazy\" decoding=\"async\" width=\"2000\" height=\"360\" class=\"wp-block-cover__image-background wp-image-1110\" alt=\"\" src=\"https:\/\/explainervideos.hu\/wp-content\/uploads\/2023\/12\/LOGO-BANNER-EXPLAINERVIDEOArtboard-1-100.jpg\" style=\"object-position:50% 50%\" data-object-fit=\"cover\" data-object-position=\"50% 50%\" srcset=\"https:\/\/explainervideos.hu\/wp-content\/uploads\/2023\/12\/LOGO-BANNER-EXPLAINERVIDEOArtboard-1-100.jpg 2000w, https:\/\/explainervideos.hu\/wp-content\/uploads\/2023\/12\/LOGO-BANNER-EXPLAINERVIDEOArtboard-1-100-300x54.jpg 300w, https:\/\/explainervideos.hu\/wp-content\/uploads\/2023\/12\/LOGO-BANNER-EXPLAINERVIDEOArtboard-1-100-1024x184.jpg 1024w, https:\/\/explainervideos.hu\/wp-content\/uploads\/2023\/12\/LOGO-BANNER-EXPLAINERVIDEOArtboard-1-100-768x138.jpg 768w, https:\/\/explainervideos.hu\/wp-content\/uploads\/2023\/12\/LOGO-BANNER-EXPLAINERVIDEOArtboard-1-100-1536x276.jpg 1536w, https:\/\/explainervideos.hu\/wp-content\/uploads\/2023\/12\/LOGO-BANNER-EXPLAINERVIDEOArtboard-1-100-18x3.jpg 18w\" sizes=\"auto, (max-width: 2000px) 100vw, 2000px\" \/><div class=\"wp-block-cover__inner-container is-layout-flow wp-block-cover-is-layout-flow\">\n<h1 class=\"wp-block-heading has-text-align-center has-white-color has-text-color\">Logo Design<\/h1>\n\n\n\n<p class=\"has-text-align-center has-white-color has-text-color\" style=\"font-size:23px\">Koncepci\u00f3b\u00f3l az utols\u00f3 vektor g\u00f6rb\u00e9ig<\/p>\n\n\n\n<div style=\"height:40px\" aria-hidden=\"true\" class=\"wp-block-spacer\"><\/div>\n\n\n\n<div class=\"wp-block-group\"><div class=\"wp-block-group__inner-container is-layout-flow wp-block-group-is-layout-flow\">\n<div class=\"wp-block-buttons is-content-justification-center is-layout-flex wp-container-core-buttons-is-layout-16018d1d wp-block-buttons-is-layout-flex\">\n<div class=\"wp-block-button is-style-primary\"><a class=\"wp-block-button__link wp-element-button\" href=\"https:\/\/explainervideos.hu\/en\/kapcsolat\/\">\u00c9rdekel<\/a><\/div>\n<\/div>\n\n\n\n<p class=\"has-text-align-center has-nv-site-bg-color has-text-color has-link-color wp-elements-50b523f2aeff11f3a70b296d06893d1a\">(39.990Ft-t\u00f3l)<\/p>\n<\/div><\/div>\n<\/div><\/div>\n\n\n\n<div class=\"wp-block-columns is-layout-flex wp-container-core-columns-is-layout-9d6595d7 wp-block-columns-is-layout-flex\">\n<div class=\"wp-block-column is-layout-flow wp-block-column-is-layout-flow\"><\/div>\n\n\n\n<div class=\"wp-block-column is-layout-flow wp-block-column-is-layout-flow\" style=\"padding-top:var(--wp--preset--spacing--60);padding-right:var(--wp--preset--spacing--60);padding-bottom:0;padding-left:var(--wp--preset--spacing--60)\">\n<p class=\"has-medium-font-size\" style=\"font-style:normal;font-weight:700\"><mark style=\"background-color:rgba(0, 0, 0, 0)\" class=\"has-inline-color has-nv-dark-bg-color\">Var\u00e1zslatos log\u00f3 tervek<\/mark> v\u00e1llalkoz\u00e1sod sz\u00e1m\u00e1ra. Mi\u00e9rt legyen \u00e1tlagos a c\u00e9ges log\u00f3d, ha lehet nagyszer\u0171 is? Arculatod legfontosabb eleme meg\u00e9rdemli, hogy h\u0171en reprezent\u00e1lja azt akik vagytok. Seg\u00edt\u00fcnk megval\u00f3s\u00edtani elk\u00e9pzel\u00e9seidet a kezdeti koncepci\u00f3kt\u00f3l eg\u00e9szen az utols\u00f3 vektor g\u00f6rb\u00e9ig. N\u00e9zz sz\u00e9t a referencia munk\u00e1k k\u00f6z\u00f6tt \u00e9s ha tetszik amit l\u00e1tsz v\u00e1rjuk megkeres\u00e9sed.<\/p>\n<\/div>\n\n\n\n<div class=\"wp-block-column is-layout-flow wp-block-column-is-layout-flow\"><\/div>\n<\/div>\n\n\n\n<div class=\"wp-block-columns is-layout-flex wp-container-core-columns-is-layout-e855cbfe wp-block-columns-is-layout-flex\" style=\"padding-top:var(--wp--preset--spacing--30);padding-bottom:var(--wp--preset--spacing--30)\">\n<div class=\"wp-block-column is-layout-flow wp-block-column-is-layout-flow\"><\/div>\n\n\n\n<div class=\"wp-block-column is-layout-flow wp-block-column-is-layout-flow\" style=\"border-width:2px;padding-bottom:0\">\n<div id=\"wp-block-themeisle-blocks-icon-list-664fa4f5\" class=\"wp-block-themeisle-blocks-icon-list\">\n<div id=\"wp-block-themeisle-blocks-icon-list-item-6fd1cc08\" class=\"wp-block-themeisle-blocks-icon-list-item\"><i class=\"fas fa-check wp-block-themeisle-blocks-icon-list-item-icon\"><\/i><p class=\"wp-block-themeisle-blocks-icon-list-item-content\">Egyedi Tervez\u00e9s<\/p><\/div>\n\n\n\n<div id=\"wp-block-themeisle-blocks-icon-list-item-bdbd4ad5\" class=\"wp-block-themeisle-blocks-icon-list-item\"><i class=\"fas fa-check wp-block-themeisle-blocks-icon-list-item-icon\"><\/i><p class=\"wp-block-themeisle-blocks-icon-list-item-content\">2 Alap koncepci\u00f3<\/p><\/div>\n\n\n\n<div id=\"wp-block-themeisle-blocks-icon-list-item-23794b28\" class=\"wp-block-themeisle-blocks-icon-list-item\"><i class=\"fas fa-check wp-block-themeisle-blocks-icon-list-item-icon\"><\/i><p class=\"wp-block-themeisle-blocks-icon-list-item-content\">T\u00f6bbsz\u00f6ri rev\u00edzi\u00f3<\/p><\/div>\n<\/div>\n<\/div>\n\n\n\n<div class=\"wp-block-column is-layout-flow wp-block-column-is-layout-flow\"><\/div>\n<\/div>\n\n\n\n<div class=\"wp-block-columns is-layout-flex wp-container-core-columns-is-layout-9d6595d7 wp-block-columns-is-layout-flex\" style=\"border-style:none;border-width:0px\">\n<div class=\"wp-block-column is-layout-flow wp-block-column-is-layout-flow\"><\/div>\n\n\n\n<div class=\"wp-block-column is-layout-flow wp-block-column-is-layout-flow\" style=\"padding-top:var(--wp--preset--spacing--30);padding-bottom:var(--wp--preset--spacing--30)\">\n<figure class=\"wp-block-gallery has-nested-images columns-2 is-cropped wp-block-gallery-1 is-layout-flex wp-block-gallery-is-layout-flex\">\n<figure class=\"wp-block-image size-full\"><img loading=\"lazy\" decoding=\"async\" width=\"528\" height=\"528\" data-id=\"1063\" src=\"https:\/\/explainervideos.hu\/wp-content\/uploads\/2023\/12\/BRAUVIZArtboard-1.png\" alt=\"\" class=\"wp-image-1063\" srcset=\"https:\/\/explainervideos.hu\/wp-content\/uploads\/2023\/12\/BRAUVIZArtboard-1.png 528w, https:\/\/explainervideos.hu\/wp-content\/uploads\/2023\/12\/BRAUVIZArtboard-1-300x300.png 300w, https:\/\/explainervideos.hu\/wp-content\/uploads\/2023\/12\/BRAUVIZArtboard-1-150x150.png 150w, https:\/\/explainervideos.hu\/wp-content\/uploads\/2023\/12\/BRAUVIZArtboard-1-12x12.png 12w\" sizes=\"auto, (max-width: 528px) 100vw, 528px\" \/><\/figure>\n\n\n\n<figure class=\"wp-block-image size-full\"><img loading=\"lazy\" decoding=\"async\" width=\"528\" height=\"528\" data-id=\"1064\" src=\"https:\/\/explainervideos.hu\/wp-content\/uploads\/2023\/12\/KISKUNYHOArtboard-1.png\" alt=\"\" class=\"wp-image-1064\" srcset=\"https:\/\/explainervideos.hu\/wp-content\/uploads\/2023\/12\/KISKUNYHOArtboard-1.png 528w, https:\/\/explainervideos.hu\/wp-content\/uploads\/2023\/12\/KISKUNYHOArtboard-1-300x300.png 300w, https:\/\/explainervideos.hu\/wp-content\/uploads\/2023\/12\/KISKUNYHOArtboard-1-150x150.png 150w, https:\/\/explainervideos.hu\/wp-content\/uploads\/2023\/12\/KISKUNYHOArtboard-1-12x12.png 12w\" sizes=\"auto, (max-width: 528px) 100vw, 528px\" \/><\/figure>\n\n\n\n<figure class=\"wp-block-image size-full\"><img loading=\"lazy\" decoding=\"async\" width=\"528\" height=\"528\" data-id=\"1065\" src=\"https:\/\/explainervideos.hu\/wp-content\/uploads\/2023\/12\/LEOArtboard-1.png\" alt=\"\" class=\"wp-image-1065\" srcset=\"https:\/\/explainervideos.hu\/wp-content\/uploads\/2023\/12\/LEOArtboard-1.png 528w, https:\/\/explainervideos.hu\/wp-content\/uploads\/2023\/12\/LEOArtboard-1-300x300.png 300w, https:\/\/explainervideos.hu\/wp-content\/uploads\/2023\/12\/LEOArtboard-1-150x150.png 150w, https:\/\/explainervideos.hu\/wp-content\/uploads\/2023\/12\/LEOArtboard-1-12x12.png 12w\" sizes=\"auto, (max-width: 528px) 100vw, 528px\" \/><\/figure>\n\n\n\n<figure class=\"wp-block-image size-full\"><img loading=\"lazy\" decoding=\"async\" width=\"528\" height=\"528\" data-id=\"1066\" src=\"https:\/\/explainervideos.hu\/wp-content\/uploads\/2023\/12\/FreshbrewArtboard-1.png\" alt=\"\" class=\"wp-image-1066\" srcset=\"https:\/\/explainervideos.hu\/wp-content\/uploads\/2023\/12\/FreshbrewArtboard-1.png 528w, https:\/\/explainervideos.hu\/wp-content\/uploads\/2023\/12\/FreshbrewArtboard-1-300x300.png 300w, https:\/\/explainervideos.hu\/wp-content\/uploads\/2023\/12\/FreshbrewArtboard-1-150x150.png 150w, https:\/\/explainervideos.hu\/wp-content\/uploads\/2023\/12\/FreshbrewArtboard-1-12x12.png 12w\" sizes=\"auto, (max-width: 528px) 100vw, 528px\" \/><\/figure>\n\n\n\n<figure class=\"wp-block-image size-full\"><img loading=\"lazy\" decoding=\"async\" width=\"528\" height=\"528\" data-id=\"1067\" src=\"https:\/\/explainervideos.hu\/wp-content\/uploads\/2023\/12\/HYPERTEAMArtboard-1.png\" alt=\"\" class=\"wp-image-1067\" srcset=\"https:\/\/explainervideos.hu\/wp-content\/uploads\/2023\/12\/HYPERTEAMArtboard-1.png 528w, https:\/\/explainervideos.hu\/wp-content\/uploads\/2023\/12\/HYPERTEAMArtboard-1-300x300.png 300w, https:\/\/explainervideos.hu\/wp-content\/uploads\/2023\/12\/HYPERTEAMArtboard-1-150x150.png 150w, https:\/\/explainervideos.hu\/wp-content\/uploads\/2023\/12\/HYPERTEAMArtboard-1-12x12.png 12w\" sizes=\"auto, (max-width: 528px) 100vw, 528px\" \/><\/figure>\n\n\n\n<figure class=\"wp-block-image size-full\"><img loading=\"lazy\" decoding=\"async\" width=\"528\" height=\"528\" data-id=\"1068\" src=\"https:\/\/explainervideos.hu\/wp-content\/uploads\/2023\/12\/WAVELENGHT-LOGOArtboard-1.png\" alt=\"\" class=\"wp-image-1068\" srcset=\"https:\/\/explainervideos.hu\/wp-content\/uploads\/2023\/12\/WAVELENGHT-LOGOArtboard-1.png 528w, https:\/\/explainervideos.hu\/wp-content\/uploads\/2023\/12\/WAVELENGHT-LOGOArtboard-1-300x300.png 300w, https:\/\/explainervideos.hu\/wp-content\/uploads\/2023\/12\/WAVELENGHT-LOGOArtboard-1-150x150.png 150w, https:\/\/explainervideos.hu\/wp-content\/uploads\/2023\/12\/WAVELENGHT-LOGOArtboard-1-12x12.png 12w\" sizes=\"auto, (max-width: 528px) 100vw, 528px\" \/><\/figure>\n<\/figure>\n<\/div>\n\n\n\n<div class=\"wp-block-column is-layout-flow wp-block-column-is-layout-flow\"><\/div>\n<\/div>\n\n\n\n<div class=\"wp-block-columns is-layout-flex wp-container-core-columns-is-layout-9d6595d7 wp-block-columns-is-layout-flex\">\n<div class=\"wp-block-column is-layout-flow wp-block-column-is-layout-flow\"><\/div>\n\n\n\n<div class=\"wp-block-column is-layout-flow wp-block-column-is-layout-flow\">\n<h2 id=\"wp-block-themeisle-blocks-advanced-heading-98e24051\" class=\"wp-block-themeisle-blocks-advanced-heading wp-block-themeisle-blocks-advanced-heading-98e24051\"><strong>Mire lesz sz\u00fcks\u00e9g log\u00f3d elk\u00e9sz\u00edt\u00e9s\u00e9hez?<\/strong><\/h2>\n<\/div>\n\n\n\n<div class=\"wp-block-column is-layout-flow wp-block-column-is-layout-flow\"><\/div>\n<\/div>\n\n\n\n<div class=\"wp-block-columns is-layout-flex wp-container-core-columns-is-layout-9d6595d7 wp-block-columns-is-layout-flex\">\n<div class=\"wp-block-column is-layout-flow wp-block-column-is-layout-flow\"><\/div>\n\n\n\n<div class=\"wp-block-column is-layout-flow wp-block-column-is-layout-flow\" style=\"padding-top:var(--wp--preset--spacing--30);padding-right:var(--wp--preset--spacing--30);padding-bottom:var(--wp--preset--spacing--30);padding-left:var(--wp--preset--spacing--30)\">\n<p>Minden v\u00e1llalkoz\u00e1s m\u00e1s \u00e9s m\u00e1s sz\u00fcks\u00e9gletekkel rendelkezik. A c\u00e9lunk az, hogy olyan megold\u00e1st tal\u00e1ljunk c\u00e9ges log\u00f3dnak ami h\u0171en reprezent\u00e1lja azt. Egy eszt\u00e9tikus, m\u0171k\u00f6d\u0151 log\u00f3 remek els\u0151 benyom\u00e1st kelt megl\u00e9v\u0151 \u00e9s j\u00f6v\u0151beli \u00fcgyfeleid sz\u00e1m\u00e1ra egyar\u00e1nt. Fontos, hogy t\u00f6bb fel\u00fcleten m\u0171k\u00f6dj\u00f6n ak\u00e1r nyomtatott \u00e9s digit\u00e1lis form\u00e1ban is. <br><br>Sz\u00fcks\u00e9g\u00fcnk lesz k\u00f6rvonalakban arra, hogy mi az elk\u00e9pzel\u00e9sed. Mivel foglalkozik a v\u00e1llalkoz\u00e1sod. Mi az amiket szeretn\u00e9l l\u00e1tni \u00e9s amiket nem log\u00f3don. Minden esetben ingyenes konzult\u00e1ci\u00f3ra van lehet\u0151s\u00e9g itt: <\/p>\n<\/div>\n\n\n\n<div class=\"wp-block-column is-layout-flow wp-block-column-is-layout-flow\"><\/div>\n<\/div>\n\n\n\n<div class=\"wp-block-buttons is-content-justification-center is-layout-flex wp-container-core-buttons-is-layout-16018d1d wp-block-buttons-is-layout-flex\">\n<div class=\"wp-block-button\"><a class=\"wp-block-button__link has-neve-link-color-background-color has-background has-text-align-center wp-element-button\" href=\"https:\/\/explainervideos.hu\/en\/kapcsolat\/\">INTERESTED<\/a><\/div>\n<\/div>\n\n\n\n<div style=\"height:100px\" aria-hidden=\"true\" class=\"wp-block-spacer\"><\/div>\n\n\n\n<div class=\"wp-block-columns is-layout-flex wp-container-core-columns-is-layout-9d6595d7 wp-block-columns-is-layout-flex\">\n<div class=\"wp-block-column is-layout-flow wp-block-column-is-layout-flow\"><\/div>\n\n\n\n<div class=\"wp-block-column is-layout-flow wp-block-column-is-layout-flow\">\n<h2 id=\"wp-block-themeisle-blocks-advanced-heading-cc84bfa8\" class=\"wp-block-themeisle-blocks-advanced-heading wp-block-themeisle-blocks-advanced-heading-cc84bfa8\">Mennyibe ker\u00fcl egy log\u00f3?<\/h2>\n<\/div>\n\n\n\n<div class=\"wp-block-column is-layout-flow wp-block-column-is-layout-flow\"><\/div>\n<\/div>\n\n\n\n<div class=\"wp-block-columns is-layout-flex wp-container-core-columns-is-layout-e6fc615c wp-block-columns-is-layout-flex\" style=\"padding-top:var(--wp--preset--spacing--50)\">\n<div class=\"wp-block-column is-layout-flow wp-block-column-is-layout-flow\"><\/div>\n\n\n\n<div class=\"wp-block-column is-layout-flow wp-block-column-is-layout-flow\" style=\"padding-top:var(--wp--preset--spacing--30);padding-right:var(--wp--preset--spacing--30);padding-bottom:var(--wp--preset--spacing--30);padding-left:var(--wp--preset--spacing--30)\">\n<p>A log\u00f3 tervez\u00e9s \u00e1ra m\u00e1r 39.990Ft-t\u00f3l el\u00e9rhet\u0151. A koncepci\u00f3k sz\u00e1ma \u00e9s a komplexit\u00e1s f\u00fcggv\u00e9ny\u00e9t\u0151l v\u00e1ltozhat. A c\u00e9l, hogy olyan log\u00f3t kapj amivel v\u00e1llalkoz\u00e1sod \u00e9s \u00fcgyfeleid is el\u00e9gedettek lehetnek egyar\u00e1nt. <\/p>\n<\/div>\n\n\n\n<div class=\"wp-block-column is-layout-flow wp-block-column-is-layout-flow\"><\/div>\n<\/div>","protected":false},"excerpt":{"rendered":"<p>Var\u00e1zslatos log\u00f3 tervek v\u00e1llalkoz\u00e1sod sz\u00e1m\u00e1ra. Mi\u00e9rt legyen \u00e1tlagos a c\u00e9ges log\u00f3d, ha lehet nagyszer\u0171 is? Arculatod legfontosabb eleme meg\u00e9rdemli, hogy h\u0171en reprezent\u00e1lja azt akik vagytok. Seg\u00edt\u00fcnk megval\u00f3s\u00edtani elk\u00e9pzel\u00e9seidet a kezdeti koncepci\u00f3kt\u00f3l eg\u00e9szen az utols\u00f3 vektor g\u00f6rb\u00e9ig. N\u00e9zz sz\u00e9t a referencia munk\u00e1k k\u00f6z\u00f6tt \u00e9s ha tetszik amit l\u00e1tsz v\u00e1rjuk megkeres\u00e9sed. Minden v\u00e1llalkoz\u00e1s m\u00e1s \u00e9s m\u00e1s sz\u00fcks\u00e9gletekkel&hellip;&nbsp;<a href=\"https:\/\/explainervideos.hu\/en\/ceges-logo-tervezes\/\" rel=\"bookmark\">Read More &raquo;<span class=\"screen-reader-text\">C\u00e9ges Log\u00f3 Tervez\u00e9s<\/span><\/a><\/p>","protected":false},"author":1,"featured_media":0,"parent":0,"menu_order":0,"comment_status":"closed","ping_status":"closed","template":"","meta":{"om_disable_all_campaigns":false,"_monsterinsights_skip_tracking":false,"_monsterinsights_sitenote_active":false,"_monsterinsights_sitenote_note":"","_monsterinsights_sitenote_category":0,"_uf_show_specific_survey":0,"_uf_disable_surveys":false,"neve_meta_sidebar":"full-width","neve_meta_container":"full-width","neve_meta_enable_content_width":"","neve_meta_content_width":0,"neve_meta_title_alignment":"center","neve_meta_author_avatar":"","neve_post_elements_order":"","neve_meta_disable_header":"off","neve_meta_disable_footer":"","neve_meta_disable_title":"on","_themeisle_gutenberg_block_has_review":false,"footnotes":""},"class_list":["post-1080","page","type-page","status-publish","hentry"],"aioseo_notices":[],"_links":{"self":[{"href":"https:\/\/explainervideos.hu\/en\/wp-json\/wp\/v2\/pages\/1080","targetHints":{"allow":["GET"]}}],"collection":[{"href":"https:\/\/explainervideos.hu\/en\/wp-json\/wp\/v2\/pages"}],"about":[{"href":"https:\/\/explainervideos.hu\/en\/wp-json\/wp\/v2\/types\/page"}],"author":[{"embeddable":true,"href":"https:\/\/explainervideos.hu\/en\/wp-json\/wp\/v2\/users\/1"}],"replies":[{"embeddable":true,"href":"https:\/\/explainervideos.hu\/en\/wp-json\/wp\/v2\/comments?post=1080"}],"version-history":[{"count":19,"href":"https:\/\/explainervideos.hu\/en\/wp-json\/wp\/v2\/pages\/1080\/revisions"}],"predecessor-version":[{"id":1111,"href":"https:\/\/explainervideos.hu\/en\/wp-json\/wp\/v2\/pages\/1080\/revisions\/1111"}],"wp:attachment":[{"href":"https:\/\/explainervideos.hu\/en\/wp-json\/wp\/v2\/media?parent=1080"}],"curies":[{"name":"wp","href":"https:\/\/api.w.org\/{rel}","templated":true}]}}