{"id":1112,"date":"2023-12-12T09:49:13","date_gmt":"2023-12-12T09:49:13","guid":{"rendered":"https:\/\/explainervideos.hu\/?page_id=1112"},"modified":"2023-12-12T10:09:56","modified_gmt":"2023-12-12T10:09:56","slug":"szolgaltatasok","status":"publish","type":"page","link":"https:\/\/explainervideos.hu\/en\/szolgaltatasok\/","title":{"rendered":"Services"},"content":{"rendered":"<div class=\"wp-block-columns is-layout-flex wp-container-core-columns-is-layout-9d6595d7 wp-block-columns-is-layout-flex\">\n<div class=\"wp-block-column is-layout-flow wp-block-column-is-layout-flow\"><\/div>\n\n\n\n<div class=\"wp-block-column is-layout-flow wp-block-column-is-layout-flow\">\n<p class=\"has-text-align-center\"><strong>Animated Explainer Videos <\/strong><br>Get more clients and customers to your business<\/p>\n<\/div>\n\n\n\n<div class=\"wp-block-column is-layout-flow wp-block-column-is-layout-flow\"><\/div>\n<\/div>\n\n\n\n<div class=\"wp-block-columns is-layout-flex wp-container-core-columns-is-layout-9d6595d7 wp-block-columns-is-layout-flex\">\n<div class=\"wp-block-column is-layout-flow wp-block-column-is-layout-flow\"><\/div>\n\n\n\n<div class=\"wp-block-column is-layout-flow wp-block-column-is-layout-flow\">\n<div class=\"wp-block-buttons is-content-justification-center is-layout-flex wp-container-core-buttons-is-layout-16018d1d wp-block-buttons-is-layout-flex\">\n<div class=\"wp-block-button\"><a class=\"wp-block-button__link has-neve-link-color-background-color has-background wp-element-button\" href=\"https:\/\/explainervideos.hu\/en\/porfolio\/\">Explainer Videos<\/a><\/div>\n<\/div>\n<\/div>\n\n\n\n<div class=\"wp-block-column is-layout-flow wp-block-column-is-layout-flow\"><\/div>\n<\/div>\n\n\n\n<div class=\"wp-block-columns is-layout-flex wp-container-core-columns-is-layout-fe847a89 wp-block-columns-is-layout-flex\" style=\"padding-top:var(--wp--preset--spacing--50);padding-right:var(--wp--preset--spacing--50);padding-bottom:var(--wp--preset--spacing--50);padding-left:var(--wp--preset--spacing--50)\">\n<div class=\"wp-block-column is-layout-flow wp-block-column-is-layout-flow\"><\/div>\n\n\n\n<div class=\"wp-block-column is-layout-flow wp-block-column-is-layout-flow\">\n<p class=\"has-text-align-center\"><strong>Logo Animations <\/strong><br>Elevate your logo to the next level with stunning logo animations.<\/p>\n<\/div>\n\n\n\n<div class=\"wp-block-column is-layout-flow wp-block-column-is-layout-flow\"><\/div>\n<\/div>\n\n\n\n<div class=\"wp-block-columns is-layout-flex wp-container-core-columns-is-layout-abbe5815 wp-block-columns-is-layout-flex\" style=\"padding-top:0;padding-right:0;padding-bottom:0;padding-left:0\">\n<div class=\"wp-block-column is-layout-flow wp-block-column-is-layout-flow\"><\/div>\n\n\n\n<div class=\"wp-block-column is-layout-flow wp-block-column-is-layout-flow\">\n<div class=\"wp-block-buttons is-content-justification-center is-layout-flex wp-container-core-buttons-is-layout-16018d1d wp-block-buttons-is-layout-flex\">\n<div class=\"wp-block-button\"><a class=\"wp-block-button__link has-neve-link-color-background-color has-background wp-element-button\" href=\"https:\/\/explainervideos.hu\/en\/porfolio\/\">Logo Animations<\/a><\/div>\n<\/div>\n<\/div>\n\n\n\n<div class=\"wp-block-column is-layout-flow wp-block-column-is-layout-flow\"><\/div>\n<\/div>\n\n\n\n<div class=\"wp-block-columns is-layout-flex wp-container-core-columns-is-layout-4ab79b32 wp-block-columns-is-layout-flex\" style=\"padding-top:var(--wp--preset--spacing--50);padding-right:var(--wp--preset--spacing--50);padding-bottom:0;padding-left:var(--wp--preset--spacing--50)\">\n<div class=\"wp-block-column is-layout-flow wp-block-column-is-layout-flow\"><\/div>\n\n\n\n<div class=\"wp-block-column is-layout-flow wp-block-column-is-layout-flow\">\n<p class=\"has-text-align-center\"><strong>Logo Design <\/strong><br>Your business deserved a great logo design.<\/p>\n<\/div>\n\n\n\n<div class=\"wp-block-column is-layout-flow wp-block-column-is-layout-flow\"><\/div>\n<\/div>\n\n\n\n<div class=\"wp-block-columns is-layout-flex wp-container-core-columns-is-layout-abbe5815 wp-block-columns-is-layout-flex\" style=\"padding-top:0;padding-right:0;padding-bottom:0;padding-left:0\">\n<div class=\"wp-block-column is-layout-flow wp-block-column-is-layout-flow\"><\/div>\n\n\n\n<div class=\"wp-block-column is-layout-flow wp-block-column-is-layout-flow\">\n<div class=\"wp-block-buttons is-content-justification-center is-layout-flex wp-container-core-buttons-is-layout-16018d1d wp-block-buttons-is-layout-flex\">\n<div class=\"wp-block-button\"><a class=\"wp-block-button__link has-neve-link-color-background-color has-background wp-element-button\" href=\"https:\/\/explainervideos.hu\/en\/ceges-logo-tervezes\/\">Logo Design<\/a><\/div>\n<\/div>\n<\/div>\n\n\n\n<div class=\"wp-block-column is-layout-flow wp-block-column-is-layout-flow\"><\/div>\n<\/div>\n\n\n\n<div class=\"wp-block-columns is-layout-flex wp-container-core-columns-is-layout-fd6a2930 wp-block-columns-is-layout-flex\" style=\"padding-top:var(--wp--preset--spacing--50);padding-right:0;padding-bottom:var(--wp--preset--spacing--50);padding-left:0\">\n<div class=\"wp-block-column is-layout-flow wp-block-column-is-layout-flow\"><\/div>\n\n\n\n<div class=\"wp-block-column is-layout-flow wp-block-column-is-layout-flow\">\n<p class=\"has-text-align-center\"><strong>Kar\u00e1csonyi \u00dcdv\u00f6zl\u0151 Vide\u00f3k.<\/strong><br>Tedd var\u00e1zslatoss\u00e1 az idei kar\u00e1csonyt.<\/p>\n<\/div>\n\n\n\n<div class=\"wp-block-column is-layout-flow wp-block-column-is-layout-flow\"><\/div>\n<\/div>\n\n\n\n<div class=\"wp-block-buttons is-content-justification-center is-layout-flex wp-container-core-buttons-is-layout-16018d1d wp-block-buttons-is-layout-flex\">\n<div class=\"wp-block-button\"><a class=\"wp-block-button__link has-neve-link-color-background-color has-background has-text-align-center wp-element-button\">Kar\u00e1csonyi \u00dcdv\u00f6zl\u0151 Vide\u00f3k<\/a><\/div>\n<\/div>","protected":false},"excerpt":{"rendered":"<p>Rekl\u00e1m anim\u00e1ci\u00f3k v\u00e1llalkoz\u00e1sok sz\u00e1m\u00e1ra. Remek lehet\u0151s\u00e9g \u00faj \u00fcgyfelek szerz\u00e9s\u00e9re. Log\u00f3 Anim\u00e1ci\u00f3k. Helyezd \u00faj dimenzi\u00f3ba megl\u00e9v\u0151 log\u00f3d sz\u00e1m\u00e1ra. Log\u00f3 tervez\u00e9s\/C\u00e9ges log\u00f3 tervez\u00e9s. Minden v\u00e1llalkoz\u00e1s meg\u00e9rdemel egy remek log\u00f3t. Kar\u00e1csonyi \u00dcdv\u00f6zl\u0151 Vide\u00f3k.Tedd var\u00e1zslatoss\u00e1 az idei kar\u00e1csonyt.<\/p>","protected":false},"author":1,"featured_media":0,"parent":0,"menu_order":0,"comment_status":"closed","ping_status":"closed","template":"","meta":{"om_disable_all_campaigns":false,"_monsterinsights_skip_tracking":false,"_monsterinsights_sitenote_active":false,"_monsterinsights_sitenote_note":"","_monsterinsights_sitenote_category":0,"_uf_show_specific_survey":0,"_uf_disable_surveys":false,"neve_meta_sidebar":"","neve_meta_container":"","neve_meta_enable_content_width":"","neve_meta_content_width":0,"neve_meta_title_alignment":"","neve_meta_author_avatar":"","neve_post_elements_order":"","neve_meta_disable_header":"","neve_meta_disable_footer":"","neve_meta_disable_title":"","_themeisle_gutenberg_block_has_review":false,"footnotes":""},"class_list":["post-1112","page","type-page","status-publish","hentry"],"aioseo_notices":[],"_links":{"self":[{"href":"https:\/\/explainervideos.hu\/en\/wp-json\/wp\/v2\/pages\/1112","targetHints":{"allow":["GET"]}}],"collection":[{"href":"https:\/\/explainervideos.hu\/en\/wp-json\/wp\/v2\/pages"}],"about":[{"href":"https:\/\/explainervideos.hu\/en\/wp-json\/wp\/v2\/types\/page"}],"author":[{"embeddable":true,"href":"https:\/\/explainervideos.hu\/en\/wp-json\/wp\/v2\/users\/1"}],"replies":[{"embeddable":true,"href":"https:\/\/explainervideos.hu\/en\/wp-json\/wp\/v2\/comments?post=1112"}],"version-history":[{"count":4,"href":"https:\/\/explainervideos.hu\/en\/wp-json\/wp\/v2\/pages\/1112\/revisions"}],"predecessor-version":[{"id":1123,"href":"https:\/\/explainervideos.hu\/en\/wp-json\/wp\/v2\/pages\/1112\/revisions\/1123"}],"wp:attachment":[{"href":"https:\/\/explainervideos.hu\/en\/wp-json\/wp\/v2\/media?parent=1112"}],"curies":[{"name":"wp","href":"https:\/\/api.w.org\/{rel}","templated":true}]}}