{"id":1167,"date":"2024-01-10T16:31:33","date_gmt":"2024-01-10T16:31:33","guid":{"rendered":"https:\/\/explainervideos.hu\/?page_id=1167"},"modified":"2024-01-10T16:35:16","modified_gmt":"2024-01-10T16:35:16","slug":"blog","status":"publish","type":"page","link":"https:\/\/explainervideos.hu\/en\/blog\/","title":{"rendered":"Blog"},"content":{"rendered":"<ul class=\"wp-block-latest-posts__list wp-block-latest-posts\"><li><a class=\"wp-block-latest-posts__post-title\" href=\"https:\/\/explainervideos.hu\/en\/animacio-keszites-folyamata\/\">Anim\u00e1ci\u00f3 k\u00e9sz\u00edt\u00e9s folyamata<\/a><\/li>\n<li><a class=\"wp-block-latest-posts__post-title\" href=\"https:\/\/explainervideos.hu\/en\/logo-tervezes\/\">Logo Tervez\u00e9s<\/a><\/li>\n<\/ul>\n\n\n<div class=\"wp-block-query is-layout-flow wp-block-query-is-layout-flow\"><\/div>\n\n\n<ul class=\"wp-block-categories-list wp-block-categories\">\t<li class=\"cat-item cat-item-44\"><a href=\"https:\/\/explainervideos.hu\/en\/category\/animacio-keszites\/\">Anim\u00e1ci\u00f3 K\u00e9sz\u00edt\u00e9s<\/a>\n<\/li>\n\t<li class=\"cat-item cat-item-39\"><a href=\"https:\/\/explainervideos.hu\/en\/category\/logokrol\/\">Log\u00f3kr\u00f3l<\/a>\n<\/li>\n<\/ul>","protected":false},"excerpt":{"rendered":"","protected":false},"author":1,"featured_media":0,"parent":0,"menu_order":0,"comment_status":"closed","ping_status":"closed","template":"","meta":{"om_disable_all_campaigns":false,"_monsterinsights_skip_tracking":false,"_monsterinsights_sitenote_active":false,"_monsterinsights_sitenote_note":"","_monsterinsights_sitenote_category":0,"_uf_show_specific_survey":0,"_uf_disable_surveys":false,"neve_meta_sidebar":"","neve_meta_container":"","neve_meta_enable_content_width":"","neve_meta_content_width":0,"neve_meta_title_alignment":"","neve_meta_author_avatar":"","neve_post_elements_order":"","neve_meta_disable_header":"","neve_meta_disable_footer":"","neve_meta_disable_title":"","_themeisle_gutenberg_block_has_review":false,"footnotes":""},"class_list":["post-1167","page","type-page","status-publish","hentry"],"aioseo_notices":[],"_links":{"self":[{"href":"https:\/\/explainervideos.hu\/en\/wp-json\/wp\/v2\/pages\/1167","targetHints":{"allow":["GET"]}}],"collection":[{"href":"https:\/\/explainervideos.hu\/en\/wp-json\/wp\/v2\/pages"}],"about":[{"href":"https:\/\/explainervideos.hu\/en\/wp-json\/wp\/v2\/types\/page"}],"author":[{"embeddable":true,"href":"https:\/\/explainervideos.hu\/en\/wp-json\/wp\/v2\/users\/1"}],"replies":[{"embeddable":true,"href":"https:\/\/explainervideos.hu\/en\/wp-json\/wp\/v2\/comments?post=1167"}],"version-history":[{"count":2,"href":"https:\/\/explainervideos.hu\/en\/wp-json\/wp\/v2\/pages\/1167\/revisions"}],"predecessor-version":[{"id":1170,"href":"https:\/\/explainervideos.hu\/en\/wp-json\/wp\/v2\/pages\/1167\/revisions\/1170"}],"wp:attachment":[{"href":"https:\/\/explainervideos.hu\/en\/wp-json\/wp\/v2\/media?parent=1167"}],"curies":[{"name":"wp","href":"https:\/\/api.w.org\/{rel}","templated":true}]}}