{"id":567,"date":"2020-01-13T11:17:52","date_gmt":"2020-01-13T11:17:52","guid":{"rendered":"https:\/\/demosites.io\/web-agency-gb\/?page_id=5"},"modified":"2023-11-29T12:35:47","modified_gmt":"2023-11-29T12:35:47","slug":"kezdolap","status":"publish","type":"page","link":"https:\/\/explainervideos.hu\/en\/","title":{"rendered":"Rekl\u00e1m anim\u00e1ci\u00f3k k\u00e9sz\u00edt\u00e9se"},"content":{"rendered":"<div class=\"wp-block-cover alignfull is-light\" style=\"min-height:722px;aspect-ratio:unset;\"><span aria-hidden=\"true\" class=\"wp-block-cover__background has-background-dim-0 has-background-dim\"><\/span><img loading=\"lazy\" decoding=\"async\" width=\"1601\" height=\"480\" class=\"wp-block-cover__image-background wp-image-1032\" alt=\"\" src=\"https:\/\/explainervideos.hu\/wp-content\/uploads\/2023\/11\/Reklamanimacio-boritoArtboard-1-100-1.jpg\" style=\"object-position:64% 92%\" data-object-fit=\"cover\" data-object-position=\"64% 92%\" srcset=\"https:\/\/explainervideos.hu\/wp-content\/uploads\/2023\/11\/Reklamanimacio-boritoArtboard-1-100-1.jpg 1601w, https:\/\/explainervideos.hu\/wp-content\/uploads\/2023\/11\/Reklamanimacio-boritoArtboard-1-100-1-300x90.jpg 300w, https:\/\/explainervideos.hu\/wp-content\/uploads\/2023\/11\/Reklamanimacio-boritoArtboard-1-100-1-1024x307.jpg 1024w, https:\/\/explainervideos.hu\/wp-content\/uploads\/2023\/11\/Reklamanimacio-boritoArtboard-1-100-1-768x230.jpg 768w, https:\/\/explainervideos.hu\/wp-content\/uploads\/2023\/11\/Reklamanimacio-boritoArtboard-1-100-1-1536x461.jpg 1536w, https:\/\/explainervideos.hu\/wp-content\/uploads\/2023\/11\/Reklamanimacio-boritoArtboard-1-100-1-18x5.jpg 18w\" sizes=\"auto, (max-width: 1601px) 100vw, 1601px\" \/><div class=\"wp-block-cover__inner-container is-layout-flow wp-block-cover-is-layout-flow\">\n<div style=\"height:80px\" aria-hidden=\"true\" class=\"wp-block-spacer\"><\/div>\n\n\n\n<h1 class=\"wp-block-heading has-text-align-center has-text-color\" style=\"color: #fcaf3b;\">Animated Company Videos<\/h1>\n\n\n\n<p class=\"has-text-align-center has-text-color\" style=\"color: #fcaf3b; font-size: 17px;\">Break out from the crowd! An explainer video is a perfect choice to put your business on the map. It yields remarkable returns, whether through showcasing your services or in the guise of promotional content.<\/p>\n\n\n\n<div class=\"wp-block-buttons is-horizontal is-content-justification-center is-layout-flex wp-container-core-buttons-is-layout-499968f5 wp-block-buttons-is-layout-flex\">\n<div class=\"wp-block-button is-style-primary\"><a class=\"wp-block-button__link wp-element-button\" href=\"https:\/\/explainervideos.hu\/en\/porfolio\/\">WORK<\/a><\/div>\n\n\n\n<div class=\"wp-block-button is-style-secondary\"><a class=\"wp-block-button__link wp-element-button\" href=\"https:\/\/explainervideos.hu\/en\/kapcsolat\/\">GET IN TOUCH<\/a><\/div>\n<\/div>\n\n\n\n<div style=\"height:80px\" aria-hidden=\"true\" class=\"wp-block-spacer\"><\/div>\n\n\n\n<div style=\"height:80px\" aria-hidden=\"true\" class=\"wp-block-spacer\"><\/div>\n<\/div><\/div>\n\n\n\n<div style=\"height:80px\" aria-hidden=\"true\" class=\"wp-block-spacer\"><\/div>\n\n\n\n<div class=\"wp-block-columns is-layout-flex wp-container-core-columns-is-layout-9d6595d7 wp-block-columns-is-layout-flex\">\n<div class=\"wp-block-column is-layout-flow wp-block-column-is-layout-flow\"><div class=\"wp-block-image icon-style is-style-rounded\">\n<figure class=\"aligncenter size-large\"><img loading=\"lazy\" decoding=\"async\" width=\"72\" height=\"72\" src=\"http:\/\/explainervideos.hu\/wp-content\/uploads\/2020\/01\/neve-webdesign-GB-03.png\" alt=\"\" class=\"wp-image-20\" title=\"\"\/><\/figure>\n<\/div>\n\n\n<div style=\"height:20px\" aria-hidden=\"true\" class=\"wp-block-spacer\"><\/div>\n\n\n\n<h3 class=\"wp-block-heading has-text-align-center has-neve-text-color-color has-text-color\">How does it help?<\/h3>\n\n\n\n<p class=\"has-text-align-center\">A good idea is worth less than a penny if we cannot promote and explain it. An animated company video is a remarkable tool for connecting service providers and consumers.<\/p>\n\n\n\n<div style=\"height:20px\" aria-hidden=\"true\" class=\"wp-block-spacer\"><\/div>\n<\/div>\n\n\n\n<div class=\"wp-block-column is-layout-flow wp-block-column-is-layout-flow\"><div class=\"wp-block-image icon-style is-style-rounded\">\n<figure class=\"aligncenter size-large\"><img loading=\"lazy\" decoding=\"async\" width=\"72\" height=\"72\" src=\"http:\/\/explainervideos.hu\/wp-content\/uploads\/2020\/01\/neve-webdesign-GB-04.png\" alt=\"\" class=\"wp-image-21\"\/><\/figure>\n<\/div>\n\n\n<div style=\"height:20px\" aria-hidden=\"true\" class=\"wp-block-spacer\"><\/div>\n\n\n\n<h3 class=\"wp-block-heading has-text-align-center has-neve-text-color-color has-text-color\">For Who?<\/h3>\n\n\n\n<p class=\"has-text-align-center\">Due to its customizability, it has become widely adopted and applicable. From startups to well-established businesses, it benefits marketers and educational services as well.<\/p>\n\n\n\n<div style=\"height:20px\" aria-hidden=\"true\" class=\"wp-block-spacer\"><\/div>\n<\/div>\n\n\n\n<div class=\"wp-block-column is-layout-flow wp-block-column-is-layout-flow\"><div class=\"wp-block-image icon-style is-style-rounded\">\n<figure class=\"aligncenter size-large\"><img loading=\"lazy\" decoding=\"async\" width=\"72\" height=\"72\" src=\"http:\/\/explainervideos.hu\/wp-content\/uploads\/2020\/01\/neve-webdesign-GB-01.png\" alt=\"\" class=\"wp-image-18\"\/><\/figure>\n<\/div>\n\n\n<div style=\"height:20px\" aria-hidden=\"true\" class=\"wp-block-spacer\"><\/div>\n\n\n\n<h3 class=\"wp-block-heading has-text-align-center has-neve-text-color-color has-text-color\">How?<\/h3>\n\n\n\n<p class=\"has-text-align-center\">The most important aspect is understanding the purpose of the videos and fine-tuning them for your target audience. The production is a multi-step process, and you can read more about the details of the entire process by scrolling down a bit.<\/p>\n\n\n\n<div style=\"height:20px\" aria-hidden=\"true\" class=\"wp-block-spacer\"><\/div>\n<\/div>\n<\/div>\n\n\n\n<div style=\"height:80px\" aria-hidden=\"true\" class=\"wp-block-spacer\"><\/div>\n\n\n\n<div class=\"wp-block-cover alignfull\" style=\"min-height:600px;aspect-ratio:unset;\"><span aria-hidden=\"true\" class=\"wp-block-cover__background has-nv-light-bg-background-color has-background-dim-100 has-background-dim\"><\/span><div class=\"wp-block-cover__inner-container is-layout-flow wp-block-cover-is-layout-flow\">\n<div class=\"wp-block-group\"><div class=\"wp-block-group__inner-container is-layout-flow wp-block-group-is-layout-flow\">\n<div style=\"height:80px\" aria-hidden=\"true\" class=\"wp-block-spacer\"><\/div>\n\n\n\n<div class=\"wp-block-columns are-vertically-aligned-center is-layout-flex wp-container-core-columns-is-layout-9d6595d7 wp-block-columns-is-layout-flex\">\n<div class=\"wp-block-column is-vertically-aligned-center is-layout-flow wp-block-column-is-layout-flow\" style=\"flex-basis:50%\">\n<figure class=\"wp-block-image size-full\"><img loading=\"lazy\" decoding=\"async\" width=\"500\" height=\"500\" src=\"http:\/\/explainervideos.hu\/wp-content\/uploads\/2023\/06\/EXPLAINER-VIDEO-THUMBNAILMesa-de-trabajo-1.png\" alt=\"\" class=\"wp-image-877\" srcset=\"https:\/\/explainervideos.hu\/wp-content\/uploads\/2023\/06\/EXPLAINER-VIDEO-THUMBNAILMesa-de-trabajo-1.png 500w, https:\/\/explainervideos.hu\/wp-content\/uploads\/2023\/06\/EXPLAINER-VIDEO-THUMBNAILMesa-de-trabajo-1-300x300.png 300w, https:\/\/explainervideos.hu\/wp-content\/uploads\/2023\/06\/EXPLAINER-VIDEO-THUMBNAILMesa-de-trabajo-1-150x150.png 150w\" sizes=\"auto, (max-width: 500px) 100vw, 500px\" \/><\/figure>\n<\/div>\n\n\n\n<div class=\"wp-block-column is-vertically-aligned-center is-layout-flow wp-block-column-is-layout-flow\" style=\"flex-basis:50%\">\n<div style=\"height:20px\" aria-hidden=\"true\" class=\"wp-block-spacer\"><\/div>\n\n\n\n<h2 class=\"wp-block-heading has-text-align-left has-neve-text-color-color has-text-color\">Animated Company Videos<\/h2>\n\n\n\n<p class=\"has-text-align-left has-neve-text-color-color has-text-color\" style=\"font-size:17px\">We can call them explainer videos. Short, concise, typically 60-90-second animated videos. The main advantage of these types of videos is their ability to condense seemingly complex ideas and stories into a comprehensible format. They showcase how a particular service works, often step-by-step. Animated advertising is particularly cost-effective and an incredibly impactful communication tool.<\/p>\n\n\n\n<div class=\"wp-block-buttons is-horizontal is-content-justification-left is-layout-flex wp-container-core-buttons-is-layout-7e5fce0a wp-block-buttons-is-layout-flex\">\n<div class=\"wp-block-button is-style-primary\"><a class=\"wp-block-button__link wp-element-button\" href=\"https:\/\/explainervideos.hu\/en\/porfolio\/\">INTERESTED<\/a><\/div>\n<\/div>\n<\/div>\n<\/div>\n\n\n\n<div style=\"height:40px\" aria-hidden=\"true\" class=\"wp-block-spacer\"><\/div>\n<\/div><\/div>\n<\/div><\/div>\n\n\n\n<div class=\"wp-block-cover alignfull\" style=\"min-height:600px;aspect-ratio:unset;\"><span aria-hidden=\"true\" class=\"wp-block-cover__background has-nv-site-bg-background-color has-background-dim-100 has-background-dim\"><\/span><div class=\"wp-block-cover__inner-container is-layout-flow wp-block-cover-is-layout-flow\">\n<div class=\"wp-block-group\"><div class=\"wp-block-group__inner-container is-layout-flow wp-block-group-is-layout-flow\">\n<div style=\"height:80px\" aria-hidden=\"true\" class=\"wp-block-spacer\"><\/div>\n\n\n\n<div class=\"wp-block-columns are-vertically-aligned-center is-layout-flex wp-container-core-columns-is-layout-9d6595d7 wp-block-columns-is-layout-flex\">\n<div class=\"wp-block-column is-vertically-aligned-center is-layout-flow wp-block-column-is-layout-flow\" style=\"flex-basis:50%\">\n<h2 class=\"wp-block-heading has-text-align-left has-neve-text-color-color has-text-color\">Logo Animation<\/h2>\n\n\n\n<p class=\"has-text-align-left has-neve-text-color-color has-text-color\" style=\"font-size:17px\">It elevates your existing logos to an entirely new level, transcending the ordinary. For businesses, it is crucial to distinguish themselves from the competition, and logo animations achieves just that. It exudes professionalism and instills a sense of trust and authenticity in viewers, while making your brand truly unforgettable. Moreover, it captures attention swiftly, surpassing the impact of a static logo.<\/p>\n\n\n\n<div class=\"wp-block-buttons is-horizontal is-content-justification-left is-layout-flex wp-container-core-buttons-is-layout-7e5fce0a wp-block-buttons-is-layout-flex\">\n<div class=\"wp-block-button is-style-primary\"><a class=\"wp-block-button__link wp-element-button\" href=\"https:\/\/explainervideos.hu\/en\/porfolio\/\">INTERESTED<\/a><\/div>\n<\/div>\n\n\n\n<div style=\"height:40px\" aria-hidden=\"true\" class=\"wp-block-spacer\"><\/div>\n<\/div>\n\n\n\n<div class=\"wp-block-column is-vertically-aligned-center is-layout-flow wp-block-column-is-layout-flow\" style=\"flex-basis:50%\">\n<figure class=\"wp-block-image size-full\"><img loading=\"lazy\" decoding=\"async\" width=\"500\" height=\"500\" src=\"http:\/\/explainervideos.hu\/wp-content\/uploads\/2023\/06\/LOGO-ANIMATIONMesa-de-trabajo-1.png\" alt=\"\" class=\"wp-image-883\" srcset=\"https:\/\/explainervideos.hu\/wp-content\/uploads\/2023\/06\/LOGO-ANIMATIONMesa-de-trabajo-1.png 500w, https:\/\/explainervideos.hu\/wp-content\/uploads\/2023\/06\/LOGO-ANIMATIONMesa-de-trabajo-1-300x300.png 300w, https:\/\/explainervideos.hu\/wp-content\/uploads\/2023\/06\/LOGO-ANIMATIONMesa-de-trabajo-1-150x150.png 150w\" sizes=\"auto, (max-width: 500px) 100vw, 500px\" \/><\/figure>\n<\/div>\n<\/div>\n\n\n\n<div style=\"height:40px\" aria-hidden=\"true\" class=\"wp-block-spacer\"><\/div>\n<\/div><\/div>\n<\/div><\/div>\n\n\n\n<div class=\"wp-block-cover alignfull\" style=\"min-height:300px;aspect-ratio:unset;\"><span aria-hidden=\"true\" class=\"wp-block-cover__background has-nv-dark-bg-background-color has-background-dim-100 has-background-dim\"><\/span><div class=\"wp-block-cover__inner-container is-layout-flow wp-block-cover-is-layout-flow\">\n<div style=\"height:50px\" aria-hidden=\"true\" class=\"wp-block-spacer\"><\/div>\n\n\n\n<h2 class=\"wp-block-heading has-text-align-center has-nv-text-dark-bg-color has-text-color\"><strong>How animated company videos are made?<\/strong><\/h2>\n\n\n\n<div style=\"height:47px\" aria-hidden=\"true\" class=\"wp-block-spacer\"><\/div>\n\n\n\n<div class=\"wp-block-columns is-layout-flex wp-container-core-columns-is-layout-9d6595d7 wp-block-columns-is-layout-flex\">\n<div class=\"wp-block-column is-layout-flow wp-block-column-is-layout-flow\">\n<div class=\"wp-block-columns is-layout-flex wp-container-core-columns-is-layout-9d6595d7 wp-block-columns-is-layout-flex\">\n<div class=\"wp-block-column is-layout-flow wp-block-column-is-layout-flow\"><\/div>\n\n\n\n<div class=\"wp-block-column is-layout-flow wp-block-column-is-layout-flow\">\n<figure class=\"wp-block-image size-full\"><img decoding=\"async\" src=\"http:\/\/explainervideos.hu\/wp-content\/uploads\/2023\/06\/SCRIPT.svg\" alt=\"\" class=\"wp-image-831\"\/><\/figure>\n<\/div>\n\n\n\n<div class=\"wp-block-column is-layout-flow wp-block-column-is-layout-flow\"><\/div>\n<\/div>\n<\/div>\n\n\n\n<div class=\"wp-block-column is-layout-flow wp-block-column-is-layout-flow\">\n<div class=\"wp-block-columns is-layout-flex wp-container-core-columns-is-layout-9d6595d7 wp-block-columns-is-layout-flex\">\n<div class=\"wp-block-column is-layout-flow wp-block-column-is-layout-flow\"><\/div>\n\n\n\n<div class=\"wp-block-column is-layout-flow wp-block-column-is-layout-flow\">\n<figure class=\"wp-block-image size-full\"><img decoding=\"async\" src=\"http:\/\/explainervideos.hu\/wp-content\/uploads\/2023\/06\/STYLEFRAMES.svg\" alt=\"\" class=\"wp-image-834\"\/><\/figure>\n<\/div>\n\n\n\n<div class=\"wp-block-column is-layout-flow wp-block-column-is-layout-flow\"><\/div>\n<\/div>\n<\/div>\n\n\n\n<div class=\"wp-block-column is-layout-flow wp-block-column-is-layout-flow\">\n<div class=\"wp-block-columns is-layout-flex wp-container-core-columns-is-layout-9d6595d7 wp-block-columns-is-layout-flex\">\n<div class=\"wp-block-column is-layout-flow wp-block-column-is-layout-flow\"><\/div>\n\n\n\n<div class=\"wp-block-column is-layout-flow wp-block-column-is-layout-flow\">\n<figure class=\"wp-block-image size-full\"><img decoding=\"async\" src=\"http:\/\/explainervideos.hu\/wp-content\/uploads\/2023\/06\/STORYBOARD.svg\" alt=\"\" class=\"wp-image-835\"\/><\/figure>\n<\/div>\n\n\n\n<div class=\"wp-block-column is-layout-flow wp-block-column-is-layout-flow\"><\/div>\n<\/div>\n<\/div>\n<\/div>\n\n\n\n<div class=\"wp-block-columns is-layout-flex wp-container-core-columns-is-layout-9d6595d7 wp-block-columns-is-layout-flex\">\n<div class=\"wp-block-column is-layout-flow wp-block-column-is-layout-flow\">\n<p class=\"has-text-align-center\">Scriptwriting<\/p>\n\n\n\n<p class=\"has-text-align-center\">We create the foundations of our animated video in a concise and impactful manner, while ensuring it remains entertaining and attention-grabbing. Script is the soul of the video.<\/p>\n<\/div>\n\n\n\n<div class=\"wp-block-column is-layout-flow wp-block-column-is-layout-flow\">\n<p class=\"has-text-align-center\">Styleframes<\/p>\n\n\n\n<p class=\"has-text-align-center\">Building upon the previous step, we create images for each scene, incorporating multiple style elements. In this phase, we outline the style of our animation.<\/p>\n<\/div>\n\n\n\n<div class=\"wp-block-column is-layout-flow wp-block-column-is-layout-flow\">\n<p class=\"has-text-align-center\">Storyboard<\/p>\n\n\n\n<p class=\"has-text-align-center\">A storyboard is a sequence of still images that visually represents our content and helps envision how our video will come to life during the animation phase. During this stage, the necessary illustrations for production are created.<\/p>\n<\/div>\n<\/div>\n\n\n\n<div class=\"wp-block-columns is-layout-flex wp-container-core-columns-is-layout-9d6595d7 wp-block-columns-is-layout-flex\">\n<div class=\"wp-block-column is-layout-flow wp-block-column-is-layout-flow\">\n<div class=\"wp-block-columns is-layout-flex wp-container-core-columns-is-layout-9d6595d7 wp-block-columns-is-layout-flex\">\n<div class=\"wp-block-column is-layout-flow wp-block-column-is-layout-flow\"><\/div>\n\n\n\n<div class=\"wp-block-column is-layout-flow wp-block-column-is-layout-flow\">\n<figure class=\"wp-block-image size-full\"><img decoding=\"async\" src=\"http:\/\/explainervideos.hu\/wp-content\/uploads\/2023\/06\/VOICEOVER-1.svg\" alt=\"\" class=\"wp-image-837\"\/><\/figure>\n<\/div>\n\n\n\n<div class=\"wp-block-column is-layout-flow wp-block-column-is-layout-flow\"><\/div>\n<\/div>\n\n\n\n<p class=\"has-text-align-center\">Voiceover<\/p>\n\n\n\n<p class=\"has-text-align-center\">You can choose from various artists and decide which one best fits your style and brand. It is important to choose a narrator who is suitable in terms of gender, tone, and style.<\/p>\n<\/div>\n\n\n\n<div class=\"wp-block-column is-layout-flow wp-block-column-is-layout-flow\">\n<div class=\"wp-block-columns is-layout-flex wp-container-core-columns-is-layout-9d6595d7 wp-block-columns-is-layout-flex\">\n<div class=\"wp-block-column is-layout-flow wp-block-column-is-layout-flow\"><\/div>\n\n\n\n<div class=\"wp-block-column is-layout-flow wp-block-column-is-layout-flow\">\n<figure class=\"wp-block-image size-full\"><img decoding=\"async\" src=\"http:\/\/explainervideos.hu\/wp-content\/uploads\/2023\/06\/ANIMATION.svg\" alt=\"\" class=\"wp-image-838\"\/><\/figure>\n<\/div>\n\n\n\n<div class=\"wp-block-column is-layout-flow wp-block-column-is-layout-flow\"><\/div>\n<\/div>\n\n\n\n<p class=\"has-text-align-center\">Animation and Production<\/p>\n\n\n\n<p class=\"has-text-align-center\">This is where your video comes to life. The characters learn to walk, the illustrations come to life. We blend together the foundations we\u2019ve built so far to serve them in the form of an animated video.<\/p>\n<\/div>\n\n\n\n<div class=\"wp-block-column is-layout-flow wp-block-column-is-layout-flow\">\n<div class=\"wp-block-columns is-layout-flex wp-container-core-columns-is-layout-9d6595d7 wp-block-columns-is-layout-flex\">\n<div class=\"wp-block-column is-layout-flow wp-block-column-is-layout-flow\"><\/div>\n\n\n\n<div class=\"wp-block-column is-layout-flow wp-block-column-is-layout-flow\">\n<figure class=\"wp-block-image size-full\"><img decoding=\"async\" src=\"http:\/\/explainervideos.hu\/wp-content\/uploads\/2023\/06\/SOUND-EFFECTS.svg\" alt=\"\" class=\"wp-image-839\"\/><\/figure>\n<\/div>\n\n\n\n<div class=\"wp-block-column is-layout-flow wp-block-column-is-layout-flow\"><\/div>\n<\/div>\n\n\n\n<p class=\"has-text-align-center\">Music &amp; Sound Effects<\/p>\n\n\n\n<p class=\"has-text-align-center\">The final stage of advertising animation production. The birds start chirping, and a pleasant melody accompanies our video.<\/p>\n<\/div>\n<\/div>\n<\/div><\/div>","protected":false},"excerpt":{"rendered":"<p>Mire j\u00f3? Egy j\u00f3 \u00f6tlet fabatk\u00e1t sem \u00e9r, ha azt nem tudjuk ismertetni, elmagyar\u00e1zni. A vide\u00f3 kiv\u00e1l\u00f3 eszk\u00f6z a szolg\u00e1ltat\u00f3 \u00e9s fogyaszt\u00f3k k\u00f6zti kommunik\u00e1ci\u00f3s g\u00e1t \u00e1thidal\u00e1s\u00e1ra. Kiknek? Szem\u00e9lyre szabhat\u00f3s\u00e1g\u00e1b\u00f3l ad\u00f3d\u00f3an sz\u00e9les k\u00f6rben elterjedt \u00e9s haszn\u00e1lhat\u00f3. Startupokt\u00f3l kezdve eg\u00e9szen kiforrott v\u00e1llalkoz\u00e1soknak is. Marketingesek \u00e9s oktat\u00f3 jelleg\u0171 szolg\u00e1ltat\u00e1sok is haszn\u00e1t vehetik. Hogyan? A legfontosabb a vide\u00f3k c\u00e9lj\u00e1nak&hellip;&nbsp;<a href=\"https:\/\/explainervideos.hu\/en\/\" rel=\"bookmark\">Read More &raquo;<span class=\"screen-reader-text\">Rekl\u00e1m anim\u00e1ci\u00f3k k\u00e9sz\u00edt\u00e9se<\/span><\/a><\/p>","protected":false},"author":1,"featured_media":0,"parent":0,"menu_order":0,"comment_status":"closed","ping_status":"closed","template":"","meta":{"om_disable_all_campaigns":false,"_monsterinsights_skip_tracking":false,"_monsterinsights_sitenote_active":false,"_monsterinsights_sitenote_note":"","_monsterinsights_sitenote_category":0,"_uf_show_specific_survey":0,"_uf_disable_surveys":false,"neve_meta_sidebar":"default","neve_meta_container":"default","neve_meta_enable_content_width":"on","neve_meta_content_width":100,"neve_meta_title_alignment":"","neve_meta_author_avatar":"","neve_post_elements_order":"","neve_meta_disable_header":"","neve_meta_disable_footer":"","neve_meta_disable_title":"on","_themeisle_gutenberg_block_has_review":false,"footnotes":""},"class_list":["post-567","page","type-page","status-publish","hentry"],"aioseo_notices":[],"_links":{"self":[{"href":"https:\/\/explainervideos.hu\/en\/wp-json\/wp\/v2\/pages\/567","targetHints":{"allow":["GET"]}}],"collection":[{"href":"https:\/\/explainervideos.hu\/en\/wp-json\/wp\/v2\/pages"}],"about":[{"href":"https:\/\/explainervideos.hu\/en\/wp-json\/wp\/v2\/types\/page"}],"author":[{"embeddable":true,"href":"https:\/\/explainervideos.hu\/en\/wp-json\/wp\/v2\/users\/1"}],"replies":[{"embeddable":true,"href":"https:\/\/explainervideos.hu\/en\/wp-json\/wp\/v2\/comments?post=567"}],"version-history":[{"count":43,"href":"https:\/\/explainervideos.hu\/en\/wp-json\/wp\/v2\/pages\/567\/revisions"}],"predecessor-version":[{"id":1033,"href":"https:\/\/explainervideos.hu\/en\/wp-json\/wp\/v2\/pages\/567\/revisions\/1033"}],"wp:attachment":[{"href":"https:\/\/explainervideos.hu\/en\/wp-json\/wp\/v2\/media?parent=567"}],"curies":[{"name":"wp","href":"https:\/\/api.w.org\/{rel}","templated":true}]}}